{"id":7,"date":"2023-09-12T10:35:29","date_gmt":"2023-09-12T08:35:29","guid":{"rendered":"https:\/\/relgigas.com\/?page_id=7"},"modified":"2025-06-10T11:30:22","modified_gmt":"2025-06-10T09:30:22","slug":"accueil","status":"publish","type":"page","link":"https:\/\/relgigas.com\/","title":{"rendered":"Accueil"},"content":{"rendered":"\t\t<div data-elementor-type=\"wp-page\" data-elementor-id=\"7\" class=\"elementor elementor-7\">\n\t\t\t\t\t\t\t\t\t<section class=\"elementor-section elementor-top-section elementor-element elementor-element-ff6829d elementor-section-boxed elementor-section-height-default elementor-section-height-default\" data-id=\"ff6829d\" data-element_type=\"section\">\n\t\t\t\t\t\t<div class=\"elementor-container elementor-column-gap-default\">\n\t\t\t\t\t<div class=\"elementor-column elementor-col-100 elementor-top-column elementor-element elementor-element-2c6ed92\" data-id=\"2c6ed92\" data-element_type=\"column\">\n\t\t\t<div class=\"elementor-widget-wrap elementor-element-populated\">\n\t\t\t\t\t\t\t\t<div class=\"elementor-element elementor-element-9c81743 elementor-widget elementor-widget-image\" data-id=\"9c81743\" data-element_type=\"widget\" data-widget_type=\"image.default\">\n\t\t\t\t<div class=\"elementor-widget-container\">\n\t\t\t<style>\/*! elementor - v3.15.0 - 20-08-2023 *\/\n.elementor-widget-image{text-align:center}.elementor-widget-image a{display:inline-block}.elementor-widget-image a img[src$=\".svg\"]{width:48px}.elementor-widget-image img{vertical-align:middle;display:inline-block}<\/style>\t\t\t\t\t\t\t\t\t\t\t\t<img loading=\"lazy\" decoding=\"async\" width=\"287\" height=\"300\" src=\"https:\/\/relgigas.com\/wp-content\/uploads\/2023\/09\/RelgigasGaming-2-287x300.jpg\" class=\"attachment-medium size-medium wp-image-14\" alt=\"\" srcset=\"https:\/\/relgigas.com\/wp-content\/uploads\/2023\/09\/RelgigasGaming-2-287x300.jpg 287w, https:\/\/relgigas.com\/wp-content\/uploads\/2023\/09\/RelgigasGaming-2-979x1024.jpg 979w, https:\/\/relgigas.com\/wp-content\/uploads\/2023\/09\/RelgigasGaming-2-768x803.jpg 768w, https:\/\/relgigas.com\/wp-content\/uploads\/2023\/09\/RelgigasGaming-2.jpg 1108w\" sizes=\"auto, (max-width: 287px) 100vw, 287px\" \/>\t\t\t\t\t\t\t\t\t\t\t\t\t\t\t<\/div>\n\t\t\t\t<\/div>\n\t\t\t\t\t<\/div>\n\t\t<\/div>\n\t\t\t\t\t\t\t<\/div>\n\t\t<\/section>\n\t\t\t\t<section class=\"elementor-section elementor-top-section elementor-element elementor-element-437356e elementor-section-boxed elementor-section-height-default elementor-section-height-default\" data-id=\"437356e\" data-element_type=\"section\">\n\t\t\t\t\t\t<div class=\"elementor-container elementor-column-gap-default\">\n\t\t\t\t\t<div class=\"elementor-column elementor-col-100 elementor-top-column elementor-element elementor-element-b5438ed\" data-id=\"b5438ed\" data-element_type=\"column\">\n\t\t\t<div class=\"elementor-widget-wrap elementor-element-populated\">\n\t\t\t\t\t\t\t\t<div class=\"elementor-element elementor-element-e85587c elementor-widget elementor-widget-heading\" data-id=\"e85587c\" data-element_type=\"widget\" data-widget_type=\"heading.default\">\n\t\t\t\t<div class=\"elementor-widget-container\">\n\t\t\t<style>\/*! elementor - v3.15.0 - 20-08-2023 *\/\n.elementor-heading-title{padding:0;margin:0;line-height:1}.elementor-widget-heading .elementor-heading-title[class*=elementor-size-]>a{color:inherit;font-size:inherit;line-height:inherit}.elementor-widget-heading .elementor-heading-title.elementor-size-small{font-size:15px}.elementor-widget-heading .elementor-heading-title.elementor-size-medium{font-size:19px}.elementor-widget-heading .elementor-heading-title.elementor-size-large{font-size:29px}.elementor-widget-heading .elementor-heading-title.elementor-size-xl{font-size:39px}.elementor-widget-heading .elementor-heading-title.elementor-size-xxl{font-size:59px}<\/style><h4 class=\"elementor-heading-title elementor-size-default\">Nouveau studio de cr\u00e9ation de jeux vid\u00e9o, RELGIGAS vous emm\u00e8ne \u00e0 la d\u00e9couverte de ses premiers jeux.<\/h4>\t\t<\/div>\n\t\t\t\t<\/div>\n\t\t\t\t<div class=\"elementor-element elementor-element-53f077d elementor-widget elementor-widget-heading\" data-id=\"53f077d\" data-element_type=\"widget\" data-widget_type=\"heading.default\">\n\t\t\t\t<div class=\"elementor-widget-container\">\n\t\t\t<h4 class=\"elementor-heading-title elementor-size-default\"><i>RELGIGAS, the exuberant video games creation Studio, presents its first games.<\/h4>\t\t<\/div>\n\t\t\t\t<\/div>\n\t\t\t\t\t<\/div>\n\t\t<\/div>\n\t\t\t\t\t\t\t<\/div>\n\t\t<\/section>\n\t\t\t\t<section class=\"elementor-section elementor-top-section elementor-element elementor-element-59185c1 elementor-section-boxed elementor-section-height-default elementor-section-height-default\" data-id=\"59185c1\" data-element_type=\"section\">\n\t\t\t\t\t\t<div class=\"elementor-container elementor-column-gap-default\">\n\t\t\t\t\t<div class=\"elementor-column elementor-col-100 elementor-top-column elementor-element elementor-element-896be4f\" data-id=\"896be4f\" data-element_type=\"column\">\n\t\t\t<div class=\"elementor-widget-wrap elementor-element-populated\">\n\t\t\t\t\t\t\t\t<div class=\"elementor-element elementor-element-8ddaf1a elementor-widget elementor-widget-text-editor\" data-id=\"8ddaf1a\" data-element_type=\"widget\" data-widget_type=\"text-editor.default\">\n\t\t\t\t<div class=\"elementor-widget-container\">\n\t\t\t<style>\/*! elementor - v3.15.0 - 20-08-2023 *\/\n.elementor-widget-text-editor.elementor-drop-cap-view-stacked .elementor-drop-cap{background-color:#69727d;color:#fff}.elementor-widget-text-editor.elementor-drop-cap-view-framed .elementor-drop-cap{color:#69727d;border:3px solid;background-color:transparent}.elementor-widget-text-editor:not(.elementor-drop-cap-view-default) .elementor-drop-cap{margin-top:8px}.elementor-widget-text-editor:not(.elementor-drop-cap-view-default) .elementor-drop-cap-letter{width:1em;height:1em}.elementor-widget-text-editor .elementor-drop-cap{float:left;text-align:center;line-height:1;font-size:50px}.elementor-widget-text-editor .elementor-drop-cap-letter{display:inline-block}<\/style>\t\t\t\t\t\t\t\t\t\t<\/div>\n\t\t\t\t<\/div>\n\t\t\t\t<div class=\"elementor-element elementor-element-856e8e6 elementor-widget__width-initial elementor-widget elementor-widget-image\" data-id=\"856e8e6\" data-element_type=\"widget\" data-widget_type=\"image.default\">\n\t\t\t\t<div class=\"elementor-widget-container\">\n\t\t\t\t\t\t\t\t\t\t\t\t\t\t\t\t<a href=\"https:\/\/relgigas.com\/index.php\/relgiros\/\">\n\t\t\t\t\t\t\t<img loading=\"lazy\" decoding=\"async\" width=\"768\" height=\"768\" src=\"https:\/\/relgigas.com\/wp-content\/uploads\/2023\/09\/Relgiros_cover-768x768.png\" class=\"attachment-medium_large size-medium_large wp-image-24\" alt=\"\" srcset=\"https:\/\/relgigas.com\/wp-content\/uploads\/2023\/09\/Relgiros_cover-768x768.png 768w, https:\/\/relgigas.com\/wp-content\/uploads\/2023\/09\/Relgiros_cover-300x300.png 300w, https:\/\/relgigas.com\/wp-content\/uploads\/2023\/09\/Relgiros_cover-1024x1024.png 1024w, https:\/\/relgigas.com\/wp-content\/uploads\/2023\/09\/Relgiros_cover-150x150.png 150w, https:\/\/relgigas.com\/wp-content\/uploads\/2023\/09\/elementor\/thumbs\/Relgiros_cover-qc9ga3ee2rbb1at1kzx4x4bxwgvma798jwb755sg5s.png 200w, https:\/\/relgigas.com\/wp-content\/uploads\/2023\/09\/elementor\/thumbs\/Relgiros_cover-qc9ga3efwjhygb1n7d7w38lhgh729u2tdl6yd9ia7g.png 350w, https:\/\/relgigas.com\/wp-content\/uploads\/2023\/09\/elementor\/thumbs\/Relgiros_cover-qc9ga3ehqbolvba8tqin9cv10hii9gwe7a2pld8494.png 500w, https:\/\/relgigas.com\/wp-content\/uploads\/2023\/09\/elementor\/thumbs\/Relgiros_cover-qc9ga3egigw69b4ietnh5a0nz5avlpoobhhjfyqw80.png 400w, https:\/\/relgigas.com\/wp-content\/uploads\/2023\/09\/Relgiros_cover.png 1500w\" sizes=\"auto, (max-width: 768px) 100vw, 768px\" \/>\t\t\t\t\t\t\t\t<\/a>\n\t\t\t\t\t\t\t\t\t\t\t\t\t\t\t<\/div>\n\t\t\t\t<\/div>\n\t\t\t\t\t<\/div>\n\t\t<\/div>\n\t\t\t\t\t\t\t<\/div>\n\t\t<\/section>\n\t\t\t\t<section class=\"elementor-section elementor-top-section elementor-element elementor-element-ac2dcc8 elementor-section-boxed elementor-section-height-default elementor-section-height-default\" data-id=\"ac2dcc8\" data-element_type=\"section\">\n\t\t\t\t\t\t<div class=\"elementor-container elementor-column-gap-default\">\n\t\t\t\t\t<div class=\"elementor-column elementor-col-100 elementor-top-column elementor-element elementor-element-d8c68f5\" data-id=\"d8c68f5\" data-element_type=\"column\">\n\t\t\t<div class=\"elementor-widget-wrap elementor-element-populated\">\n\t\t\t\t\t\t\t\t<div class=\"elementor-element elementor-element-4636de2 elementor-widget__width-initial elementor-widget elementor-widget-text-editor\" data-id=\"4636de2\" data-element_type=\"widget\" data-widget_type=\"text-editor.default\">\n\t\t\t\t<div class=\"elementor-widget-container\">\n\t\t\t\t\t\t\t<div style=\"flex-basis: var(--flex-basis); flex-grow: var(--flex-grow); flex-shrink: var(--flex-shrink); order: var(--order); align-self: var(--align-self); flex-direction: var(--flex-direction); flex-wrap: var(--flex-wrap); justify-content: var(--justify-content); align-items: var(--align-items); align-content: var(--align-content); gap: var(--gap); --swiper-theme-color: #000; --swiper-navigation-size: 44px; --swiper-pagination-bullet-size: 6px; --swiper-pagination-bullet-horizontal-gap: 6px; --widgets-spacing: 20px; width: 1120px;\" data-id=\"1bf32f6\" data-element_type=\"widget\" data-widget_type=\"text-editor.default\"><div style=\"transition: background .3s,border .3s,border-radius .3s,box-shadow .3s,transform var(--e-transform-transition-duration,.4s);\"><h4 style=\"margin-bottom: 20px;\"><strong><span style=\"font-family: var( --e-global-typography-text-font-family ), Sans-serif;\">RELGIROS est un jeu de plateforme \u00e0 difficult\u00e9 croissante.<\/span><\/strong><br \/>RELGIROS is an increasingly difficult platform game.<\/h4><\/div><\/div>\t\t\t\t\t\t<\/div>\n\t\t\t\t<\/div>\n\t\t\t\t\t<\/div>\n\t\t<\/div>\n\t\t\t\t\t\t\t<\/div>\n\t\t<\/section>\n\t\t\t\t<section class=\"elementor-section elementor-top-section elementor-element elementor-element-02e86c8 elementor-section-boxed elementor-section-height-default elementor-section-height-default\" data-id=\"02e86c8\" data-element_type=\"section\">\n\t\t\t\t\t\t<div class=\"elementor-container elementor-column-gap-default\">\n\t\t\t\t\t<div class=\"elementor-column elementor-col-100 elementor-top-column elementor-element elementor-element-7451d75\" data-id=\"7451d75\" data-element_type=\"column\">\n\t\t\t<div class=\"elementor-widget-wrap elementor-element-populated\">\n\t\t\t\t\t\t\t\t<div class=\"elementor-element elementor-element-57cb1c1 elementor-widget elementor-widget-spacer\" data-id=\"57cb1c1\" data-element_type=\"widget\" data-widget_type=\"spacer.default\">\n\t\t\t\t<div class=\"elementor-widget-container\">\n\t\t\t<style>\/*! elementor - v3.15.0 - 20-08-2023 *\/\n.elementor-column .elementor-spacer-inner{height:var(--spacer-size)}.e-con{--container-widget-width:100%}.e-con-inner>.elementor-widget-spacer,.e-con>.elementor-widget-spacer{width:var(--container-widget-width,var(--spacer-size));--align-self:var(--container-widget-align-self,initial);--flex-shrink:0}.e-con-inner>.elementor-widget-spacer>.elementor-widget-container,.e-con-inner>.elementor-widget-spacer>.elementor-widget-container>.elementor-spacer,.e-con>.elementor-widget-spacer>.elementor-widget-container,.e-con>.elementor-widget-spacer>.elementor-widget-container>.elementor-spacer{height:100%}.e-con-inner>.elementor-widget-spacer>.elementor-widget-container>.elementor-spacer>.elementor-spacer-inner,.e-con>.elementor-widget-spacer>.elementor-widget-container>.elementor-spacer>.elementor-spacer-inner{height:var(--container-widget-height,var(--spacer-size))}<\/style>\t\t<div class=\"elementor-spacer\">\n\t\t\t<div class=\"elementor-spacer-inner\"><\/div>\n\t\t<\/div>\n\t\t\t\t<\/div>\n\t\t\t\t<\/div>\n\t\t\t\t\t<\/div>\n\t\t<\/div>\n\t\t\t\t\t\t\t<\/div>\n\t\t<\/section>\n\t\t\t\t<section class=\"elementor-section elementor-top-section elementor-element elementor-element-ef63654 elementor-section-boxed elementor-section-height-default elementor-section-height-default\" data-id=\"ef63654\" data-element_type=\"section\">\n\t\t\t\t\t\t<div class=\"elementor-container elementor-column-gap-default\">\n\t\t\t\t\t<div class=\"elementor-column elementor-col-100 elementor-top-column elementor-element elementor-element-080088b\" data-id=\"080088b\" data-element_type=\"column\">\n\t\t\t<div class=\"elementor-widget-wrap elementor-element-populated\">\n\t\t\t\t\t\t\t\t<div class=\"elementor-element elementor-element-9f10c01 elementor-widget elementor-widget-spacer\" data-id=\"9f10c01\" data-element_type=\"widget\" data-widget_type=\"spacer.default\">\n\t\t\t\t<div class=\"elementor-widget-container\">\n\t\t\t\t\t<div class=\"elementor-spacer\">\n\t\t\t<div class=\"elementor-spacer-inner\"><\/div>\n\t\t<\/div>\n\t\t\t\t<\/div>\n\t\t\t\t<\/div>\n\t\t\t\t<div class=\"elementor-element elementor-element-50ad9ce elementor-widget__width-initial elementor-widget elementor-widget-image\" data-id=\"50ad9ce\" data-element_type=\"widget\" data-widget_type=\"image.default\">\n\t\t\t\t<div class=\"elementor-widget-container\">\n\t\t\t\t\t\t\t\t\t\t\t\t\t\t\t\t<a href=\"https:\/\/relgigas.com\/index.php\/pourquoi\/\">\n\t\t\t\t\t\t\t<img loading=\"lazy\" decoding=\"async\" width=\"951\" height=\"1024\" src=\"https:\/\/relgigas.com\/wp-content\/uploads\/2025\/06\/Prensentation_FR-951x1024.png\" class=\"attachment-large size-large wp-image-367\" alt=\"\" srcset=\"https:\/\/relgigas.com\/wp-content\/uploads\/2025\/06\/Prensentation_FR-951x1024.png 951w, https:\/\/relgigas.com\/wp-content\/uploads\/2025\/06\/Prensentation_FR-278x300.png 278w, https:\/\/relgigas.com\/wp-content\/uploads\/2025\/06\/Prensentation_FR-768x827.png 768w, https:\/\/relgigas.com\/wp-content\/uploads\/2025\/06\/Prensentation_FR-1426x1536.png 1426w, https:\/\/relgigas.com\/wp-content\/uploads\/2025\/06\/Prensentation_FR-1901x2048.png 1901w, https:\/\/relgigas.com\/wp-content\/uploads\/2025\/06\/Prensentation_FR.png 2020w\" sizes=\"auto, (max-width: 951px) 100vw, 951px\" \/>\t\t\t\t\t\t\t\t<\/a>\n\t\t\t\t\t\t\t\t\t\t\t\t\t\t\t<\/div>\n\t\t\t\t<\/div>\n\t\t\t\t\t<\/div>\n\t\t<\/div>\n\t\t\t\t\t\t\t<\/div>\n\t\t<\/section>\n\t\t\t\t<section class=\"elementor-section elementor-top-section elementor-element elementor-element-c2325dc elementor-section-boxed elementor-section-height-default elementor-section-height-default\" data-id=\"c2325dc\" data-element_type=\"section\">\n\t\t\t\t\t\t<div class=\"elementor-container elementor-column-gap-default\">\n\t\t\t\t\t<div class=\"elementor-column elementor-col-100 elementor-top-column elementor-element elementor-element-a524e89\" data-id=\"a524e89\" data-element_type=\"column\">\n\t\t\t<div class=\"elementor-widget-wrap elementor-element-populated\">\n\t\t\t\t\t\t\t\t<div class=\"elementor-element elementor-element-b2e2336 elementor-widget elementor-widget-text-editor\" data-id=\"b2e2336\" data-element_type=\"widget\" data-widget_type=\"text-editor.default\">\n\t\t\t\t<div class=\"elementor-widget-container\">\n\t\t\t\t\t\t\t<h4>\u00ab\u00a0Pourquoi ?\u00a0\u00bb est un jeu d&rsquo;horreur en cours de d\u00e9veloppement.<\/h4><h4>\u00ab\u00a0Why ?\u00a0\u00bb is a horror game in developement.<\/h4>\t\t\t\t\t\t<\/div>\n\t\t\t\t<\/div>\n\t\t\t\t\t<\/div>\n\t\t<\/div>\n\t\t\t\t\t\t\t<\/div>\n\t\t<\/section>\n\t\t\t\t\t\t\t<\/div>\n\t\t","protected":false},"excerpt":{"rendered":"<p>Nouveau studio de cr\u00e9ation de jeux vid\u00e9o, RELGIGAS vous emm\u00e8ne \u00e0 la d\u00e9couverte de ses premiers jeux. RELGIGAS, the exuberant video games creation Studio, presents its first games. RELGIROS est un jeu de plateforme \u00e0 difficult\u00e9 croissante.RELGIROS is an increasingly difficult platform game. \u00ab\u00a0Pourquoi ?\u00a0\u00bb est un jeu d&rsquo;horreur en cours de d\u00e9veloppement. \u00ab\u00a0Why ?\u00a0\u00bb &hellip;<\/p>\n<p class=\"read-more\"> <a class=\"\" href=\"https:\/\/relgigas.com\/\"> <span class=\"screen-reader-text\">Accueil<\/span> Lire la suite\u00a0\u00bb<\/a><\/p>\n","protected":false},"author":1,"featured_media":0,"parent":0,"menu_order":0,"comment_status":"closed","ping_status":"closed","template":"elementor_header_footer","meta":{"site-sidebar-layout":"no-sidebar","site-content-layout":"","ast-site-content-layout":"full-width-container","site-content-style":"default","site-sidebar-style":"default","ast-global-header-display":"","ast-banner-title-visibility":"","ast-main-header-display":"","ast-hfb-above-header-display":"","ast-hfb-below-header-display":"","ast-hfb-mobile-header-display":"","site-post-title":"disabled","ast-breadcrumbs-content":"","ast-featured-img":"disabled","footer-sml-layout":"","theme-transparent-header-meta":"","adv-header-id-meta":"","stick-header-meta":"","header-above-stick-meta":"","header-main-stick-meta":"","header-below-stick-meta":"","astra-migrate-meta-layouts":"","footnotes":""},"class_list":["post-7","page","type-page","status-publish","hentry"],"_links":{"self":[{"href":"https:\/\/relgigas.com\/index.php\/wp-json\/wp\/v2\/pages\/7","targetHints":{"allow":["GET"]}}],"collection":[{"href":"https:\/\/relgigas.com\/index.php\/wp-json\/wp\/v2\/pages"}],"about":[{"href":"https:\/\/relgigas.com\/index.php\/wp-json\/wp\/v2\/types\/page"}],"author":[{"embeddable":true,"href":"https:\/\/relgigas.com\/index.php\/wp-json\/wp\/v2\/users\/1"}],"replies":[{"embeddable":true,"href":"https:\/\/relgigas.com\/index.php\/wp-json\/wp\/v2\/comments?post=7"}],"version-history":[{"count":143,"href":"https:\/\/relgigas.com\/index.php\/wp-json\/wp\/v2\/pages\/7\/revisions"}],"predecessor-version":[{"id":394,"href":"https:\/\/relgigas.com\/index.php\/wp-json\/wp\/v2\/pages\/7\/revisions\/394"}],"wp:attachment":[{"href":"https:\/\/relgigas.com\/index.php\/wp-json\/wp\/v2\/media?parent=7"}],"curies":[{"name":"wp","href":"https:\/\/api.w.org\/{rel}","templated":true}]}}